{"id":9,"date":"2025-09-18T16:26:05","date_gmt":"2025-09-18T14:26:05","guid":{"rendered":"https:\/\/mellycox.de\/leichte-sprache\/?page_id=9"},"modified":"2026-02-17T18:44:51","modified_gmt":"2026-02-17T17:44:51","slug":"impressum","status":"publish","type":"page","link":"https:\/\/mellycox.de\/leichte-sprache\/impressum\/","title":{"rendered":"Impressum"},"content":{"rendered":"\n<div class=\"wp-block-group is-layout-constrained wp-block-group-is-layout-constrained\">\n<div style=\"height:200px\" aria-hidden=\"true\" class=\"wp-block-spacer\"><\/div>\n\n\n\n<h1 class=\"wp-block-heading\">Impressum<\/h1>\n\n\n\n<h2 class=\"wp-block-heading\">Angaben gem\u00e4\u00df \u00a7 5 TMG \/ \u00a7 55 RStV:<\/h2>\n\n\n\n<p>MellyCox GmbH &amp; Co KG<\/p>\n\n\n\n<p>Engersche Stra\u00dfe 333<br>33729 Bielefeld<br>Deutschland<\/p>\n\n\n\n<p><strong>Vertreten durch:<\/strong><br>Gesch\u00e4ftsf\u00fchrer: Jeanette Cox und Karsten Cox<br>PDL: Jeanette Cox<\/p>\n\n\n\n<p><strong>Kontakt:<\/strong><br>Telefon: 0521 98832730<br>Fax: 0521 98893840<br>E-Mail: <a href=\"mailto:info@mellycox.de\">info@mellycox.de<\/a><br>Website: <a>www.mellycox.de<\/a><\/p>\n\n\n\n<p><strong>Registereintrag:<\/strong><br>Eintragung im Handelsregister<br>Registergericht: Amtsgericht Bielefeld<br>Registernummer: HRA 17236<\/p>\n\n\n\n<h2 class=\"wp-block-heading\">Berufsrechtliche Angaben<\/h2>\n\n\n\n<p><strong>Zust\u00e4ndige Aufsichtsbeh\u00f6rde:<\/strong><br>MDK Westfalen-Lippe<\/p>\n\n\n\n<p><strong>Zulassung:<\/strong><br>Zugelassen nach \u00a7 72 SGB XI zur Erbringung ambulanter Pflegeleistungen<br><strong>IK-Nummer:<\/strong> <em>460 567 130<\/em><\/p>\n\n\n\n<p><strong>Berufsbezeichnung:<\/strong><br>Pflegedienst, verliehen in Deutschland<\/p>\n\n\n\n<h2 class=\"wp-block-heading\">Technische und grafische Realisierung<\/h2>\n\n\n\n<div class=\"wp-block-group is-nowrap is-layout-flex wp-container-core-group-is-layout-ad2f72ca wp-block-group-is-layout-flex\">\n<figure class=\"wp-block-image\"><a href=\"https:\/\/www.graphinity.de\/\"><img decoding=\"async\" src=\"https:\/\/pflegeteam4you.de\/wp-content\/uploads\/graphinity_logo.png\" alt=\"\" class=\"wp-image-247\"\/><\/a><\/figure>\n\n\n\n<p>GRAPHINITY | Jennifer Glodek Grafikdesign<br>Herforder Str. 496<br>33609 Bielefeld<br><a href=\"https:\/\/www.graphinity.de\/\" target=\"_blank\" rel=\"noreferrer noopener\">www.graphinity.de<\/a><\/p>\n<\/div>\n\n\n\n<div style=\"height:60px\" aria-hidden=\"true\" class=\"wp-block-spacer\"><\/div>\n<\/div>\n\n\n\n<p><\/p>\n","protected":false},"excerpt":{"rendered":"<p>Impressum Angaben gem\u00e4\u00df \u00a7 5 TMG \/ \u00a7 55 RStV: MellyCox GmbH &amp; Co KG Engersche Stra\u00dfe 33333729 BielefeldDeutschland Vertreten durch:Gesch\u00e4ftsf\u00fchrer: Jeanette Cox und Karsten CoxPDL: Jeanette Cox Kontakt:Telefon: 0521 98832730Fax: 0521 98893840E-Mail: info@mellycox.deWebsite: www.mellycox.de Registereintrag:Eintragung im HandelsregisterRegistergericht: Amtsgericht BielefeldRegisternummer: HRA 17236 Berufsrechtliche Angaben Zust\u00e4ndige Aufsichtsbeh\u00f6rde:MDK Westfalen-Lippe Zulassung:Zugelassen nach \u00a7 72 SGB XI zur Erbringung [&hellip;]<\/p>\n","protected":false},"author":1,"featured_media":0,"parent":0,"menu_order":0,"comment_status":"closed","ping_status":"closed","template":"","meta":{"footnotes":""},"class_list":["post-9","page","type-page","status-publish","hentry"],"yoast_head":"<!-- This site is optimized with the Yoast SEO plugin v27.3 - https:\/\/yoast.com\/product\/yoast-seo-wordpress\/ -->\n<title>Impressum - MellyCox - Leichte Sprache<\/title>\n<meta name=\"robots\" content=\"index, follow, max-snippet:-1, max-image-preview:large, max-video-preview:-1\" \/>\n<link rel=\"canonical\" href=\"https:\/\/mellycox.de\/leichte-sprache\/impressum\/\" \/>\n<meta property=\"og:locale\" content=\"de_DE\" \/>\n<meta property=\"og:type\" content=\"article\" \/>\n<meta property=\"og:title\" content=\"Impressum - MellyCox - Leichte Sprache\" \/>\n<meta property=\"og:description\" content=\"Impressum Angaben gem\u00e4\u00df \u00a7 5 TMG \/ \u00a7 55 RStV: MellyCox GmbH &amp; Co KG Engersche Stra\u00dfe 33333729 BielefeldDeutschland Vertreten durch:Gesch\u00e4ftsf\u00fchrer: Jeanette Cox und Karsten CoxPDL: Jeanette Cox Kontakt:Telefon: 0521 98832730Fax: 0521 98893840E-Mail: info@mellycox.deWebsite: www.mellycox.de Registereintrag:Eintragung im HandelsregisterRegistergericht: Amtsgericht BielefeldRegisternummer: HRA 17236 Berufsrechtliche Angaben Zust\u00e4ndige Aufsichtsbeh\u00f6rde:MDK Westfalen-Lippe Zulassung:Zugelassen nach \u00a7 72 SGB XI zur Erbringung [&hellip;]\" \/>\n<meta property=\"og:url\" content=\"https:\/\/mellycox.de\/leichte-sprache\/impressum\/\" \/>\n<meta property=\"og:site_name\" content=\"MellyCox - Leichte Sprache\" \/>\n<meta property=\"article:modified_time\" content=\"2026-02-17T17:44:51+00:00\" \/>\n<meta name=\"twitter:card\" content=\"summary_large_image\" \/>\n<script type=\"application\/ld+json\" class=\"yoast-schema-graph\">{\"@context\":\"https:\\\/\\\/schema.org\",\"@graph\":[{\"@type\":\"WebPage\",\"@id\":\"https:\\\/\\\/mellycox.de\\\/leichte-sprache\\\/impressum\\\/\",\"url\":\"https:\\\/\\\/mellycox.de\\\/leichte-sprache\\\/impressum\\\/\",\"name\":\"Impressum - MellyCox - Leichte Sprache\",\"isPartOf\":{\"@id\":\"https:\\\/\\\/mellycox.de\\\/leichte-sprache\\\/#website\"},\"primaryImageOfPage\":{\"@id\":\"https:\\\/\\\/mellycox.de\\\/leichte-sprache\\\/impressum\\\/#primaryimage\"},\"image\":{\"@id\":\"https:\\\/\\\/mellycox.de\\\/leichte-sprache\\\/impressum\\\/#primaryimage\"},\"thumbnailUrl\":\"https:\\\/\\\/pflegeteam4you.de\\\/wp-content\\\/uploads\\\/graphinity_logo.png\",\"datePublished\":\"2025-09-18T14:26:05+00:00\",\"dateModified\":\"2026-02-17T17:44:51+00:00\",\"breadcrumb\":{\"@id\":\"https:\\\/\\\/mellycox.de\\\/leichte-sprache\\\/impressum\\\/#breadcrumb\"},\"inLanguage\":\"de\",\"potentialAction\":[{\"@type\":\"ReadAction\",\"target\":[\"https:\\\/\\\/mellycox.de\\\/leichte-sprache\\\/impressum\\\/\"]}]},{\"@type\":\"ImageObject\",\"inLanguage\":\"de\",\"@id\":\"https:\\\/\\\/mellycox.de\\\/leichte-sprache\\\/impressum\\\/#primaryimage\",\"url\":\"https:\\\/\\\/pflegeteam4you.de\\\/wp-content\\\/uploads\\\/graphinity_logo.png\",\"contentUrl\":\"https:\\\/\\\/pflegeteam4you.de\\\/wp-content\\\/uploads\\\/graphinity_logo.png\"},{\"@type\":\"BreadcrumbList\",\"@id\":\"https:\\\/\\\/mellycox.de\\\/leichte-sprache\\\/impressum\\\/#breadcrumb\",\"itemListElement\":[{\"@type\":\"ListItem\",\"position\":1,\"name\":\"Start\",\"item\":\"https:\\\/\\\/mellycox.de\\\/leichte-sprache\\\/\"},{\"@type\":\"ListItem\",\"position\":2,\"name\":\"Impressum\"}]},{\"@type\":\"WebSite\",\"@id\":\"https:\\\/\\\/mellycox.de\\\/leichte-sprache\\\/#website\",\"url\":\"https:\\\/\\\/mellycox.de\\\/leichte-sprache\\\/\",\"name\":\"MellyCox - Leichte Sprache\",\"description\":\"\",\"publisher\":{\"@id\":\"https:\\\/\\\/mellycox.de\\\/leichte-sprache\\\/#organization\"},\"potentialAction\":[{\"@type\":\"SearchAction\",\"target\":{\"@type\":\"EntryPoint\",\"urlTemplate\":\"https:\\\/\\\/mellycox.de\\\/leichte-sprache\\\/?s={search_term_string}\"},\"query-input\":{\"@type\":\"PropertyValueSpecification\",\"valueRequired\":true,\"valueName\":\"search_term_string\"}}],\"inLanguage\":\"de\"},{\"@type\":\"Organization\",\"@id\":\"https:\\\/\\\/mellycox.de\\\/leichte-sprache\\\/#organization\",\"name\":\"MellyCox - Leichte Sprache\",\"url\":\"https:\\\/\\\/mellycox.de\\\/leichte-sprache\\\/\",\"logo\":{\"@type\":\"ImageObject\",\"inLanguage\":\"de\",\"@id\":\"https:\\\/\\\/mellycox.de\\\/leichte-sprache\\\/#\\\/schema\\\/logo\\\/image\\\/\",\"url\":\"https:\\\/\\\/mellycox.de\\\/leichte-sprache\\\/wp-content\\\/uploads\\\/sites\\\/2\\\/2025\\\/09\\\/mellycox_Logo_2025_quer-scaled.png\",\"contentUrl\":\"https:\\\/\\\/mellycox.de\\\/leichte-sprache\\\/wp-content\\\/uploads\\\/sites\\\/2\\\/2025\\\/09\\\/mellycox_Logo_2025_quer-scaled.png\",\"width\":2560,\"height\":729,\"caption\":\"MellyCox - Leichte Sprache\"},\"image\":{\"@id\":\"https:\\\/\\\/mellycox.de\\\/leichte-sprache\\\/#\\\/schema\\\/logo\\\/image\\\/\"}}]}<\/script>\n<!-- \/ Yoast SEO plugin. -->","yoast_head_json":{"title":"Impressum - MellyCox - Leichte Sprache","robots":{"index":"index","follow":"follow","max-snippet":"max-snippet:-1","max-image-preview":"max-image-preview:large","max-video-preview":"max-video-preview:-1"},"canonical":"https:\/\/mellycox.de\/leichte-sprache\/impressum\/","og_locale":"de_DE","og_type":"article","og_title":"Impressum - MellyCox - Leichte Sprache","og_description":"Impressum Angaben gem\u00e4\u00df \u00a7 5 TMG \/ \u00a7 55 RStV: MellyCox GmbH &amp; Co KG Engersche Stra\u00dfe 33333729 BielefeldDeutschland Vertreten durch:Gesch\u00e4ftsf\u00fchrer: Jeanette Cox und Karsten CoxPDL: Jeanette Cox Kontakt:Telefon: 0521 98832730Fax: 0521 98893840E-Mail: info@mellycox.deWebsite: www.mellycox.de Registereintrag:Eintragung im HandelsregisterRegistergericht: Amtsgericht BielefeldRegisternummer: HRA 17236 Berufsrechtliche Angaben Zust\u00e4ndige Aufsichtsbeh\u00f6rde:MDK Westfalen-Lippe Zulassung:Zugelassen nach \u00a7 72 SGB XI zur Erbringung [&hellip;]","og_url":"https:\/\/mellycox.de\/leichte-sprache\/impressum\/","og_site_name":"MellyCox - Leichte Sprache","article_modified_time":"2026-02-17T17:44:51+00:00","twitter_card":"summary_large_image","schema":{"@context":"https:\/\/schema.org","@graph":[{"@type":"WebPage","@id":"https:\/\/mellycox.de\/leichte-sprache\/impressum\/","url":"https:\/\/mellycox.de\/leichte-sprache\/impressum\/","name":"Impressum - MellyCox - Leichte Sprache","isPartOf":{"@id":"https:\/\/mellycox.de\/leichte-sprache\/#website"},"primaryImageOfPage":{"@id":"https:\/\/mellycox.de\/leichte-sprache\/impressum\/#primaryimage"},"image":{"@id":"https:\/\/mellycox.de\/leichte-sprache\/impressum\/#primaryimage"},"thumbnailUrl":"https:\/\/pflegeteam4you.de\/wp-content\/uploads\/graphinity_logo.png","datePublished":"2025-09-18T14:26:05+00:00","dateModified":"2026-02-17T17:44:51+00:00","breadcrumb":{"@id":"https:\/\/mellycox.de\/leichte-sprache\/impressum\/#breadcrumb"},"inLanguage":"de","potentialAction":[{"@type":"ReadAction","target":["https:\/\/mellycox.de\/leichte-sprache\/impressum\/"]}]},{"@type":"ImageObject","inLanguage":"de","@id":"https:\/\/mellycox.de\/leichte-sprache\/impressum\/#primaryimage","url":"https:\/\/pflegeteam4you.de\/wp-content\/uploads\/graphinity_logo.png","contentUrl":"https:\/\/pflegeteam4you.de\/wp-content\/uploads\/graphinity_logo.png"},{"@type":"BreadcrumbList","@id":"https:\/\/mellycox.de\/leichte-sprache\/impressum\/#breadcrumb","itemListElement":[{"@type":"ListItem","position":1,"name":"Start","item":"https:\/\/mellycox.de\/leichte-sprache\/"},{"@type":"ListItem","position":2,"name":"Impressum"}]},{"@type":"WebSite","@id":"https:\/\/mellycox.de\/leichte-sprache\/#website","url":"https:\/\/mellycox.de\/leichte-sprache\/","name":"MellyCox - Leichte Sprache","description":"","publisher":{"@id":"https:\/\/mellycox.de\/leichte-sprache\/#organization"},"potentialAction":[{"@type":"SearchAction","target":{"@type":"EntryPoint","urlTemplate":"https:\/\/mellycox.de\/leichte-sprache\/?s={search_term_string}"},"query-input":{"@type":"PropertyValueSpecification","valueRequired":true,"valueName":"search_term_string"}}],"inLanguage":"de"},{"@type":"Organization","@id":"https:\/\/mellycox.de\/leichte-sprache\/#organization","name":"MellyCox - Leichte Sprache","url":"https:\/\/mellycox.de\/leichte-sprache\/","logo":{"@type":"ImageObject","inLanguage":"de","@id":"https:\/\/mellycox.de\/leichte-sprache\/#\/schema\/logo\/image\/","url":"https:\/\/mellycox.de\/leichte-sprache\/wp-content\/uploads\/sites\/2\/2025\/09\/mellycox_Logo_2025_quer-scaled.png","contentUrl":"https:\/\/mellycox.de\/leichte-sprache\/wp-content\/uploads\/sites\/2\/2025\/09\/mellycox_Logo_2025_quer-scaled.png","width":2560,"height":729,"caption":"MellyCox - Leichte Sprache"},"image":{"@id":"https:\/\/mellycox.de\/leichte-sprache\/#\/schema\/logo\/image\/"}}]}},"_links":{"self":[{"href":"https:\/\/mellycox.de\/leichte-sprache\/wp-json\/wp\/v2\/pages\/9","targetHints":{"allow":["GET"]}}],"collection":[{"href":"https:\/\/mellycox.de\/leichte-sprache\/wp-json\/wp\/v2\/pages"}],"about":[{"href":"https:\/\/mellycox.de\/leichte-sprache\/wp-json\/wp\/v2\/types\/page"}],"author":[{"embeddable":true,"href":"https:\/\/mellycox.de\/leichte-sprache\/wp-json\/wp\/v2\/users\/1"}],"replies":[{"embeddable":true,"href":"https:\/\/mellycox.de\/leichte-sprache\/wp-json\/wp\/v2\/comments?post=9"}],"version-history":[{"count":2,"href":"https:\/\/mellycox.de\/leichte-sprache\/wp-json\/wp\/v2\/pages\/9\/revisions"}],"predecessor-version":[{"id":174,"href":"https:\/\/mellycox.de\/leichte-sprache\/wp-json\/wp\/v2\/pages\/9\/revisions\/174"}],"wp:attachment":[{"href":"https:\/\/mellycox.de\/leichte-sprache\/wp-json\/wp\/v2\/media?parent=9"}],"curies":[{"name":"wp","href":"https:\/\/api.w.org\/{rel}","templated":true}]}}