{"id":166,"date":"2026-02-17T18:40:03","date_gmt":"2026-02-17T17:40:03","guid":{"rendered":"https:\/\/mellycox.de\/leichte-sprache\/?page_id=166"},"modified":"2026-03-22T14:04:44","modified_gmt":"2026-03-22T13:04:44","slug":"heinrichstrasse","status":"publish","type":"page","link":"https:\/\/mellycox.de\/leichte-sprache\/heinrichstrasse\/","title":{"rendered":"Heinrichstra\u00dfe"},"content":{"rendered":"\n<div style=\"height:100px\" aria-hidden=\"true\" class=\"wp-block-spacer\"><\/div>\n\n\n\n<div class=\"wp-block-columns is-layout-flex wp-container-core-columns-is-layout-9d6595d7 wp-block-columns-is-layout-flex\">\n<div class=\"wp-block-column is-layout-flow wp-block-column-is-layout-flow\">\n<div class=\"wp-block-cover\" style=\"min-height:60vh;aspect-ratio:unset;\"><img decoding=\"async\" class=\"wp-block-cover__image-background wp-image-547 size-full\" alt=\"\" src=\"https:\/\/mellycox.de\/wp-content\/uploads\/MC_Standort-15.webp\" style=\"object-position:24% 31%\" data-object-fit=\"cover\" data-object-position=\"24% 31%\"\/><span aria-hidden=\"true\" class=\"wp-block-cover__background has-background-dim-0 has-background-dim\" style=\"background-color:#8b7d6d\"><\/span><div class=\"wp-block-cover__inner-container is-layout-constrained wp-block-cover-is-layout-constrained\">\n<p class=\"has-text-align-center has-large-font-size\"><\/p>\n<\/div><\/div>\n<\/div>\n\n\n\n<div class=\"wp-block-column is-layout-flow wp-block-column-is-layout-flow\">\n<div style=\"height:50px\" aria-hidden=\"true\" class=\"wp-block-spacer\"><\/div>\n\n\n\n<div class=\"wp-block-group is-nowrap is-layout-flex wp-container-core-group-is-layout-ad2f72ca wp-block-group-is-layout-flex\">\n<figure class=\"wp-block-image size-full is-resized\"><img decoding=\"async\" src=\"https:\/\/mellycox.de\/wp-content\/uploads\/wohnung.png\" alt=\"\" class=\"wp-image-264\" style=\"width:100px\"\/><\/figure>\n\n\n\n<div style=\"height:100px;width:0px\" aria-hidden=\"true\" class=\"wp-block-spacer wp-container-content-e1bb55cb\"><\/div>\n\n\n\n<p>43 moderne und barrierefreie Wohnungen zwischen 45 und 70 m\u00b2<\/p>\n<\/div>\n\n\n\n<div class=\"wp-block-group is-nowrap is-layout-flex wp-container-core-group-is-layout-ad2f72ca wp-block-group-is-layout-flex\">\n<figure class=\"wp-block-image size-full is-resized\"><img decoding=\"async\" src=\"https:\/\/mellycox.de\/wp-content\/uploads\/wohncafe.png\" alt=\"\" class=\"wp-image-263\" style=\"width:100px\"\/><\/figure>\n\n\n\n<div style=\"height:100px;width:0px\" aria-hidden=\"true\" class=\"wp-block-spacer wp-container-content-e1bb55cb\"><\/div>\n\n\n\n<p>Wohncaf\u00e9<\/p>\n<\/div>\n\n\n\n<div class=\"wp-block-group is-nowrap is-layout-flex wp-container-core-group-is-layout-ad2f72ca wp-block-group-is-layout-flex\">\n<figure class=\"wp-block-image size-full is-resized\"><img decoding=\"async\" src=\"https:\/\/mellycox.de\/wp-content\/uploads\/nachbarschaftstreffpunkt.png\" alt=\"\" class=\"wp-image-262\" style=\"width:100px\"\/><\/figure>\n\n\n\n<div style=\"height:100px;width:0px\" aria-hidden=\"true\" class=\"wp-block-spacer wp-container-content-e1bb55cb\"><\/div>\n\n\n\n<p>Nachbarschaftstreffpunkt<\/p>\n<\/div>\n\n\n\n<div class=\"wp-block-group is-nowrap is-layout-flex wp-container-core-group-is-layout-ad2f72ca wp-block-group-is-layout-flex\">\n<figure class=\"wp-block-image size-full is-resized\"><img decoding=\"async\" src=\"https:\/\/mellycox.de\/wp-content\/uploads\/24-stunden-betreuung.png\" alt=\"\" class=\"wp-image-259\" style=\"width:100px\"\/><\/figure>\n\n\n\n<div style=\"height:100px;width:0px\" aria-hidden=\"true\" class=\"wp-block-spacer wp-container-content-e1bb55cb\"><\/div>\n\n\n\n<p>24\u2011Stunden\u2011Versorgungssicherheit<\/p>\n<\/div>\n<\/div>\n<\/div>\n\n\n\n<div class=\"wp-block-group is-layout-constrained wp-block-group-is-layout-constrained\">\n<div style=\"height:100px\" aria-hidden=\"true\" class=\"wp-block-spacer\"><\/div>\n\n\n\n<h1 class=\"wp-block-heading\">Heinrichstra\u00dfe<\/h1>\n\n\n\n<h2 class=\"wp-block-heading\">Bielefeld-Mitte<\/h2>\n\n\n\n<h2 class=\"wp-block-heading\">Wohnen in der Heinrichstra\u00dfe ist zentral, modern und gut begleitet.<\/h2>\n\n\n\n<p>Am Standort <strong>Heinrichstra\u00dfe<\/strong> bieten wir <strong>24\u2011Stunden\u2011Versorgungssicherheit<\/strong> im Rahmen des <strong>Bielefelder Modells<\/strong>.<br>Der Standort liegt im Herzen von <strong>Bielefeld\u2011Mitte<\/strong>, im <strong>Paulusviertel<\/strong>.<br>Sie haben kurze Wege in die Innenstadt.<br>Bus und Bahn sind schnell erreichbar.<br>Auch Einkaufsm\u00f6glichkeiten, \u00c4rzte und Kulturangebote sind in der N\u00e4he.<\/p>\n\n\n\n<p>Wir setzen den Standort gemeinsam um mit der <strong>BGW<\/strong>, der <strong>Stadt Bielefeld<\/strong> und <strong>Gepflegt Wohnen e. V.<\/strong><br>So verbinden wir selbstbestimmtes Wohnen mit guter Einbindung in das Quartier.<\/p>\n\n\n\n<p>Unser Pflegedienst sorgt f\u00fcr <strong>24\u2011Stunden\u2011Versorgungssicherheit<\/strong>.<br>Es ist jederzeit jemand erreichbar.<br>Wir unterst\u00fctzen individuell, passend zum Bedarf und respektvoll.<br>Unser Ziel: ein m\u00f6glichst selbstbestimmtes Leben.<\/p>\n\n\n\n<h2 class=\"wp-block-heading\">Wohncaf\u00e9 \u2013 Treffpunkt f\u00fcr Nachbarn und Gemeinschaft<\/h2>\n\n\n\n<p>Das <strong>Wohncaf\u00e9<\/strong> ist das Herzst\u00fcck im Haus.<br>Es ist ein offener Treffpunkt f\u00fcr Mieter und Nachbarn.<br>Hier gibt es:<\/p>\n\n\n\n<ul class=\"wp-block-list\">\n<li>Fr\u00fchst\u00fcck<\/li>\n\n\n\n<li>Mittagessen<\/li>\n\n\n\n<li>Kaffee<\/li>\n\n\n\n<li>Abendessen<\/li>\n<\/ul>\n\n\n\n<p>G\u00e4ste k\u00f6nnen gegen einen kleinen Beitrag mitessen.<br>Kaffee und Tee stehen jederzeit bereit.<\/p>\n\n\n\n<p>So entsteht ein lebendiger Ort.<br>Er f\u00f6rdert Gemeinschaft und hilft gegen Einsamkeit.<\/p>\n\n\n\n<h2 class=\"wp-block-heading\">Unser Angebot auf einen Blick<\/h2>\n\n\n\n<ul class=\"wp-block-list\">\n<li>24\u2011Stunden\u2011Versorgungssicherheit<\/li>\n\n\n\n<li>Grund- und Behandlungspflege<\/li>\n\n\n\n<li>Betreuungs- und Entlastungsleistungen<\/li>\n\n\n\n<li>Verhinderungspflege<\/li>\n\n\n\n<li>Mahlzeitenangebot<\/li>\n\n\n\n<li>Ambulante pflegerische Versorgung<\/li>\n<\/ul>\n\n\n\n<p>Der Standort <strong>Heinrichstra\u00dfe<\/strong> steht f\u00fcr modernes Wohnen, Gemeinschaft und professionelle Begleitung \u2013 mitten in der Stadt und nah am Menschen.<\/p>\n\n\n\n<div class=\"wp-block-buttons is-layout-flex wp-block-buttons-is-layout-flex\">\n<div class=\"wp-block-button\"><a class=\"wp-block-button__link has-wpfse-blau-logo-color has-wpfse-grey-background-color has-text-color has-background has-link-color wp-element-button\" href=\"https:\/\/mellycox.de\/leichte-sprache\/kontakt\/\">Jetzt beraten lassen<\/a><\/div>\n<\/div>\n\n\n\n<div style=\"height:100px\" aria-hidden=\"true\" class=\"wp-block-spacer\"><\/div>\n<\/div>\n","protected":false},"excerpt":{"rendered":"<p>43 moderne und barrierefreie Wohnungen zwischen 45 und 70 m\u00b2 Wohncaf\u00e9 Nachbarschaftstreffpunkt 24\u2011Stunden\u2011Versorgungssicherheit Heinrichstra\u00dfe Bielefeld-Mitte Wohnen in der Heinrichstra\u00dfe ist zentral, modern und gut begleitet. Am Standort Heinrichstra\u00dfe bieten wir 24\u2011Stunden\u2011Versorgungssicherheit im Rahmen des Bielefelder Modells.Der Standort liegt im Herzen von Bielefeld\u2011Mitte, im Paulusviertel.Sie haben kurze Wege in die Innenstadt.Bus und Bahn sind schnell erreichbar.Auch [&hellip;]<\/p>\n","protected":false},"author":1,"featured_media":0,"parent":0,"menu_order":0,"comment_status":"closed","ping_status":"closed","template":"","meta":{"footnotes":""},"class_list":["post-166","page","type-page","status-publish","hentry"],"yoast_head":"<!-- This site is optimized with the Yoast SEO plugin v27.3 - https:\/\/yoast.com\/product\/yoast-seo-wordpress\/ -->\n<title>Heinrichstra\u00dfe - MellyCox - Leichte Sprache<\/title>\n<meta name=\"robots\" content=\"index, follow, max-snippet:-1, max-image-preview:large, max-video-preview:-1\" \/>\n<link rel=\"canonical\" href=\"https:\/\/mellycox.de\/leichte-sprache\/heinrichstrasse\/\" \/>\n<meta property=\"og:locale\" content=\"de_DE\" \/>\n<meta property=\"og:type\" content=\"article\" \/>\n<meta property=\"og:title\" content=\"Heinrichstra\u00dfe - MellyCox - Leichte Sprache\" \/>\n<meta property=\"og:description\" content=\"43 moderne und barrierefreie Wohnungen zwischen 45 und 70 m\u00b2 Wohncaf\u00e9 Nachbarschaftstreffpunkt 24\u2011Stunden\u2011Versorgungssicherheit Heinrichstra\u00dfe Bielefeld-Mitte Wohnen in der Heinrichstra\u00dfe ist zentral, modern und gut begleitet. Am Standort Heinrichstra\u00dfe bieten wir 24\u2011Stunden\u2011Versorgungssicherheit im Rahmen des Bielefelder Modells.Der Standort liegt im Herzen von Bielefeld\u2011Mitte, im Paulusviertel.Sie haben kurze Wege in die Innenstadt.Bus und Bahn sind schnell erreichbar.Auch [&hellip;]\" \/>\n<meta property=\"og:url\" content=\"https:\/\/mellycox.de\/leichte-sprache\/heinrichstrasse\/\" \/>\n<meta property=\"og:site_name\" content=\"MellyCox - Leichte Sprache\" \/>\n<meta property=\"article:modified_time\" content=\"2026-03-22T13:04:44+00:00\" \/>\n<meta name=\"twitter:card\" content=\"summary_large_image\" \/>\n<meta name=\"twitter:label1\" content=\"Gesch\u00e4tzte Lesezeit\" \/>\n\t<meta name=\"twitter:data1\" content=\"3\u00a0Minuten\" \/>\n<script type=\"application\/ld+json\" class=\"yoast-schema-graph\">{\"@context\":\"https:\\\/\\\/schema.org\",\"@graph\":[{\"@type\":\"WebPage\",\"@id\":\"https:\\\/\\\/mellycox.de\\\/leichte-sprache\\\/heinrichstrasse\\\/\",\"url\":\"https:\\\/\\\/mellycox.de\\\/leichte-sprache\\\/heinrichstrasse\\\/\",\"name\":\"Heinrichstra\u00dfe - MellyCox - Leichte Sprache\",\"isPartOf\":{\"@id\":\"https:\\\/\\\/mellycox.de\\\/leichte-sprache\\\/#website\"},\"primaryImageOfPage\":{\"@id\":\"https:\\\/\\\/mellycox.de\\\/leichte-sprache\\\/heinrichstrasse\\\/#primaryimage\"},\"image\":{\"@id\":\"https:\\\/\\\/mellycox.de\\\/leichte-sprache\\\/heinrichstrasse\\\/#primaryimage\"},\"thumbnailUrl\":\"https:\\\/\\\/mellycox.de\\\/wp-content\\\/uploads\\\/MC_Standort-15.webp\",\"datePublished\":\"2026-02-17T17:40:03+00:00\",\"dateModified\":\"2026-03-22T13:04:44+00:00\",\"breadcrumb\":{\"@id\":\"https:\\\/\\\/mellycox.de\\\/leichte-sprache\\\/heinrichstrasse\\\/#breadcrumb\"},\"inLanguage\":\"de\",\"potentialAction\":[{\"@type\":\"ReadAction\",\"target\":[\"https:\\\/\\\/mellycox.de\\\/leichte-sprache\\\/heinrichstrasse\\\/\"]}]},{\"@type\":\"ImageObject\",\"inLanguage\":\"de\",\"@id\":\"https:\\\/\\\/mellycox.de\\\/leichte-sprache\\\/heinrichstrasse\\\/#primaryimage\",\"url\":\"https:\\\/\\\/mellycox.de\\\/wp-content\\\/uploads\\\/MC_Standort-15.webp\",\"contentUrl\":\"https:\\\/\\\/mellycox.de\\\/wp-content\\\/uploads\\\/MC_Standort-15.webp\"},{\"@type\":\"BreadcrumbList\",\"@id\":\"https:\\\/\\\/mellycox.de\\\/leichte-sprache\\\/heinrichstrasse\\\/#breadcrumb\",\"itemListElement\":[{\"@type\":\"ListItem\",\"position\":1,\"name\":\"Start\",\"item\":\"https:\\\/\\\/mellycox.de\\\/leichte-sprache\\\/\"},{\"@type\":\"ListItem\",\"position\":2,\"name\":\"Heinrichstra\u00dfe\"}]},{\"@type\":\"WebSite\",\"@id\":\"https:\\\/\\\/mellycox.de\\\/leichte-sprache\\\/#website\",\"url\":\"https:\\\/\\\/mellycox.de\\\/leichte-sprache\\\/\",\"name\":\"MellyCox - Leichte Sprache\",\"description\":\"\",\"publisher\":{\"@id\":\"https:\\\/\\\/mellycox.de\\\/leichte-sprache\\\/#organization\"},\"potentialAction\":[{\"@type\":\"SearchAction\",\"target\":{\"@type\":\"EntryPoint\",\"urlTemplate\":\"https:\\\/\\\/mellycox.de\\\/leichte-sprache\\\/?s={search_term_string}\"},\"query-input\":{\"@type\":\"PropertyValueSpecification\",\"valueRequired\":true,\"valueName\":\"search_term_string\"}}],\"inLanguage\":\"de\"},{\"@type\":\"Organization\",\"@id\":\"https:\\\/\\\/mellycox.de\\\/leichte-sprache\\\/#organization\",\"name\":\"MellyCox - Leichte Sprache\",\"url\":\"https:\\\/\\\/mellycox.de\\\/leichte-sprache\\\/\",\"logo\":{\"@type\":\"ImageObject\",\"inLanguage\":\"de\",\"@id\":\"https:\\\/\\\/mellycox.de\\\/leichte-sprache\\\/#\\\/schema\\\/logo\\\/image\\\/\",\"url\":\"https:\\\/\\\/mellycox.de\\\/leichte-sprache\\\/wp-content\\\/uploads\\\/sites\\\/2\\\/2025\\\/09\\\/mellycox_Logo_2025_quer-scaled.png\",\"contentUrl\":\"https:\\\/\\\/mellycox.de\\\/leichte-sprache\\\/wp-content\\\/uploads\\\/sites\\\/2\\\/2025\\\/09\\\/mellycox_Logo_2025_quer-scaled.png\",\"width\":2560,\"height\":729,\"caption\":\"MellyCox - Leichte Sprache\"},\"image\":{\"@id\":\"https:\\\/\\\/mellycox.de\\\/leichte-sprache\\\/#\\\/schema\\\/logo\\\/image\\\/\"}}]}<\/script>\n<!-- \/ Yoast SEO plugin. -->","yoast_head_json":{"title":"Heinrichstra\u00dfe - MellyCox - Leichte Sprache","robots":{"index":"index","follow":"follow","max-snippet":"max-snippet:-1","max-image-preview":"max-image-preview:large","max-video-preview":"max-video-preview:-1"},"canonical":"https:\/\/mellycox.de\/leichte-sprache\/heinrichstrasse\/","og_locale":"de_DE","og_type":"article","og_title":"Heinrichstra\u00dfe - MellyCox - Leichte Sprache","og_description":"43 moderne und barrierefreie Wohnungen zwischen 45 und 70 m\u00b2 Wohncaf\u00e9 Nachbarschaftstreffpunkt 24\u2011Stunden\u2011Versorgungssicherheit Heinrichstra\u00dfe Bielefeld-Mitte Wohnen in der Heinrichstra\u00dfe ist zentral, modern und gut begleitet. Am Standort Heinrichstra\u00dfe bieten wir 24\u2011Stunden\u2011Versorgungssicherheit im Rahmen des Bielefelder Modells.Der Standort liegt im Herzen von Bielefeld\u2011Mitte, im Paulusviertel.Sie haben kurze Wege in die Innenstadt.Bus und Bahn sind schnell erreichbar.Auch [&hellip;]","og_url":"https:\/\/mellycox.de\/leichte-sprache\/heinrichstrasse\/","og_site_name":"MellyCox - Leichte Sprache","article_modified_time":"2026-03-22T13:04:44+00:00","twitter_card":"summary_large_image","twitter_misc":{"Gesch\u00e4tzte Lesezeit":"3\u00a0Minuten"},"schema":{"@context":"https:\/\/schema.org","@graph":[{"@type":"WebPage","@id":"https:\/\/mellycox.de\/leichte-sprache\/heinrichstrasse\/","url":"https:\/\/mellycox.de\/leichte-sprache\/heinrichstrasse\/","name":"Heinrichstra\u00dfe - MellyCox - Leichte Sprache","isPartOf":{"@id":"https:\/\/mellycox.de\/leichte-sprache\/#website"},"primaryImageOfPage":{"@id":"https:\/\/mellycox.de\/leichte-sprache\/heinrichstrasse\/#primaryimage"},"image":{"@id":"https:\/\/mellycox.de\/leichte-sprache\/heinrichstrasse\/#primaryimage"},"thumbnailUrl":"https:\/\/mellycox.de\/wp-content\/uploads\/MC_Standort-15.webp","datePublished":"2026-02-17T17:40:03+00:00","dateModified":"2026-03-22T13:04:44+00:00","breadcrumb":{"@id":"https:\/\/mellycox.de\/leichte-sprache\/heinrichstrasse\/#breadcrumb"},"inLanguage":"de","potentialAction":[{"@type":"ReadAction","target":["https:\/\/mellycox.de\/leichte-sprache\/heinrichstrasse\/"]}]},{"@type":"ImageObject","inLanguage":"de","@id":"https:\/\/mellycox.de\/leichte-sprache\/heinrichstrasse\/#primaryimage","url":"https:\/\/mellycox.de\/wp-content\/uploads\/MC_Standort-15.webp","contentUrl":"https:\/\/mellycox.de\/wp-content\/uploads\/MC_Standort-15.webp"},{"@type":"BreadcrumbList","@id":"https:\/\/mellycox.de\/leichte-sprache\/heinrichstrasse\/#breadcrumb","itemListElement":[{"@type":"ListItem","position":1,"name":"Start","item":"https:\/\/mellycox.de\/leichte-sprache\/"},{"@type":"ListItem","position":2,"name":"Heinrichstra\u00dfe"}]},{"@type":"WebSite","@id":"https:\/\/mellycox.de\/leichte-sprache\/#website","url":"https:\/\/mellycox.de\/leichte-sprache\/","name":"MellyCox - Leichte Sprache","description":"","publisher":{"@id":"https:\/\/mellycox.de\/leichte-sprache\/#organization"},"potentialAction":[{"@type":"SearchAction","target":{"@type":"EntryPoint","urlTemplate":"https:\/\/mellycox.de\/leichte-sprache\/?s={search_term_string}"},"query-input":{"@type":"PropertyValueSpecification","valueRequired":true,"valueName":"search_term_string"}}],"inLanguage":"de"},{"@type":"Organization","@id":"https:\/\/mellycox.de\/leichte-sprache\/#organization","name":"MellyCox - Leichte Sprache","url":"https:\/\/mellycox.de\/leichte-sprache\/","logo":{"@type":"ImageObject","inLanguage":"de","@id":"https:\/\/mellycox.de\/leichte-sprache\/#\/schema\/logo\/image\/","url":"https:\/\/mellycox.de\/leichte-sprache\/wp-content\/uploads\/sites\/2\/2025\/09\/mellycox_Logo_2025_quer-scaled.png","contentUrl":"https:\/\/mellycox.de\/leichte-sprache\/wp-content\/uploads\/sites\/2\/2025\/09\/mellycox_Logo_2025_quer-scaled.png","width":2560,"height":729,"caption":"MellyCox - Leichte Sprache"},"image":{"@id":"https:\/\/mellycox.de\/leichte-sprache\/#\/schema\/logo\/image\/"}}]}},"_links":{"self":[{"href":"https:\/\/mellycox.de\/leichte-sprache\/wp-json\/wp\/v2\/pages\/166","targetHints":{"allow":["GET"]}}],"collection":[{"href":"https:\/\/mellycox.de\/leichte-sprache\/wp-json\/wp\/v2\/pages"}],"about":[{"href":"https:\/\/mellycox.de\/leichte-sprache\/wp-json\/wp\/v2\/types\/page"}],"author":[{"embeddable":true,"href":"https:\/\/mellycox.de\/leichte-sprache\/wp-json\/wp\/v2\/users\/1"}],"replies":[{"embeddable":true,"href":"https:\/\/mellycox.de\/leichte-sprache\/wp-json\/wp\/v2\/comments?post=166"}],"version-history":[{"count":3,"href":"https:\/\/mellycox.de\/leichte-sprache\/wp-json\/wp\/v2\/pages\/166\/revisions"}],"predecessor-version":[{"id":236,"href":"https:\/\/mellycox.de\/leichte-sprache\/wp-json\/wp\/v2\/pages\/166\/revisions\/236"}],"wp:attachment":[{"href":"https:\/\/mellycox.de\/leichte-sprache\/wp-json\/wp\/v2\/media?parent=166"}],"curies":[{"name":"wp","href":"https:\/\/api.w.org\/{rel}","templated":true}]}}