{"id":162,"date":"2026-02-17T18:37:50","date_gmt":"2026-02-17T17:37:50","guid":{"rendered":"https:\/\/mellycox.de\/leichte-sprache\/?page_id=162"},"modified":"2026-03-22T14:01:29","modified_gmt":"2026-03-22T13:01:29","slug":"brakhofstrasse","status":"publish","type":"page","link":"https:\/\/mellycox.de\/leichte-sprache\/brakhofstrasse\/","title":{"rendered":"Brakhofstra\u00dfe"},"content":{"rendered":"\n<div style=\"height:100px\" aria-hidden=\"true\" class=\"wp-block-spacer\"><\/div>\n\n\n\n<div class=\"wp-block-columns is-layout-flex wp-container-core-columns-is-layout-9d6595d7 wp-block-columns-is-layout-flex\">\n<div class=\"wp-block-column is-layout-flow wp-block-column-is-layout-flow\">\n<div class=\"wp-block-cover\" style=\"min-height:60vh;aspect-ratio:unset;\"><img decoding=\"async\" class=\"wp-block-cover__image-background wp-image-545 size-full\" alt=\"\" src=\"https:\/\/mellycox.de\/wp-content\/uploads\/MC_Standort-13.webp\" data-object-fit=\"cover\"\/><span aria-hidden=\"true\" class=\"wp-block-cover__background has-background-dim-0 has-background-dim\" style=\"background-color:#5c6f72\"><\/span><div class=\"wp-block-cover__inner-container is-layout-constrained wp-block-cover-is-layout-constrained\">\n<p class=\"has-text-align-center has-large-font-size\"><\/p>\n<\/div><\/div>\n<\/div>\n\n\n\n<div class=\"wp-block-column is-layout-flow wp-block-column-is-layout-flow\">\n<div style=\"height:50px\" aria-hidden=\"true\" class=\"wp-block-spacer\"><\/div>\n\n\n\n<div class=\"wp-block-group is-nowrap is-layout-flex wp-container-core-group-is-layout-ad2f72ca wp-block-group-is-layout-flex\">\n<figure class=\"wp-block-image size-full is-resized\"><img decoding=\"async\" src=\"https:\/\/mellycox.de\/wp-content\/uploads\/wohncafe.png\" alt=\"\" class=\"wp-image-263\" style=\"width:100px\"\/><\/figure>\n\n\n\n<div style=\"height:100px;width:0px\" aria-hidden=\"true\" class=\"wp-block-spacer wp-container-content-e1bb55cb\"><\/div>\n\n\n\n<p>Wohncaf\u00e9<\/p>\n<\/div>\n\n\n\n<div class=\"wp-block-group is-nowrap is-layout-flex wp-container-core-group-is-layout-ad2f72ca wp-block-group-is-layout-flex\">\n<figure class=\"wp-block-image size-full is-resized\"><img decoding=\"async\" src=\"https:\/\/mellycox.de\/wp-content\/uploads\/24-stunden-betreuung.png\" alt=\"\" class=\"wp-image-259\" style=\"width:100px\"\/><\/figure>\n\n\n\n<div style=\"height:100px;width:0px\" aria-hidden=\"true\" class=\"wp-block-spacer wp-container-content-e1bb55cb\"><\/div>\n\n\n\n<p>24-Stunden-Versorgungssicherheit<\/p>\n<\/div>\n<\/div>\n<\/div>\n\n\n\n<div class=\"wp-block-group is-layout-constrained wp-block-group-is-layout-constrained\">\n<div style=\"height:100px\" aria-hidden=\"true\" class=\"wp-block-spacer\"><\/div>\n\n\n\n<h1 class=\"wp-block-heading\">Brakhofstra\u00dfe<\/h1>\n\n\n\n<h2 class=\"wp-block-heading\">Bielefeld-Brake<\/h2>\n\n\n\n<h3 class=\"wp-block-heading\">Wohnen an der Brakhofstra\u00dfe ist ruhig, angenehm und gut begleitet.<\/h3>\n\n\n\n<p>Der Standort <strong>Brakhofstra\u00dfe<\/strong> steht f\u00fcr Wohnen mit Versorgungssicherheit.<br>Wir arbeiten hier mit <strong>Becker Immobilien<\/strong> zusammen.<br>So entsteht modernes Wohnen im Rahmen des <strong>Bielefelder Modells<\/strong>.<\/p>\n\n\n\n<p>Diese Wohnform ist f\u00fcr Menschen mit und ohne Hilfebedarf.<br>Die Umgebung ist ruhig.<br>Gleichzeitig gibt es Sicherheit durch professionelle Begleitung.<br>Unser Pflegedienst ist <strong>24 Stunden am Tag erreichbar<\/strong>.<br>So kann Hilfe schnell und passend erfolgen.<\/p>\n\n\n\n<h2 class=\"wp-block-heading\">Wohncaf\u00e9 \u2013 Genuss und Begegnung<\/h2>\n\n\n\n<p>Zum Standort geh\u00f6rt ein <strong>offenes Wohncaf\u00e9<\/strong>.<br>Es ist f\u00fcr Mieterinnen und Mieter und f\u00fcr G\u00e4ste offen.<br>Hier kann man sich treffen, reden und gemeinsam essen.<\/p>\n\n\n\n<p>Es gibt t\u00e4glich vier Mahlzeiten:<\/p>\n\n\n\n<ul class=\"wp-block-list\">\n<li>Fr\u00fchst\u00fcck<\/li>\n\n\n\n<li>Mittagessen<\/li>\n\n\n\n<li>Kaffee<\/li>\n\n\n\n<li>Abendessen<\/li>\n<\/ul>\n\n\n\n<p>G\u00e4ste aus dem Quartier k\u00f6nnen gegen einen kleinen Beitrag mitessen.<br>Das Wohncaf\u00e9 st\u00e4rkt die Gemeinschaft und die Lebensqualit\u00e4t.<\/p>\n\n\n\n<h2 class=\"wp-block-heading\">Unser Angebot auf einen Blick<\/h2>\n\n\n\n<ul class=\"wp-block-list\">\n<li>T\u00e4gliches Mahlzeitenangebot<\/li>\n\n\n\n<li>24-Stunden-Versorgungssicherheit<\/li>\n\n\n\n<li>Grund- und Behandlungspflege<\/li>\n\n\n\n<li>Betreuungs- und Entlastungsleistungen<\/li>\n\n\n\n<li>Verhinderungspflege<\/li>\n<\/ul>\n\n\n\n<div class=\"wp-block-buttons is-layout-flex wp-block-buttons-is-layout-flex\">\n<div class=\"wp-block-button\"><a class=\"wp-block-button__link has-wpfse-blau-logo-color has-wpfse-grey-background-color has-text-color has-background has-link-color wp-element-button\" href=\"https:\/\/mellycox.de\/leichte-sprache\/kontakt\/\">Jetzt beraten lassen<\/a><\/div>\n<\/div>\n\n\n\n<div style=\"height:100px\" aria-hidden=\"true\" class=\"wp-block-spacer\"><\/div>\n\n\n\n<figure class=\"wp-block-gallery has-nested-images columns-default is-cropped wp-block-gallery-1 is-layout-flex wp-block-gallery-is-layout-flex\">\n<figure class=\"wp-block-image size-large\"><img decoding=\"async\" data-id=\"545\" src=\"https:\/\/mellycox.de\/wp-content\/uploads\/MC_Standort-13-1024x683.webp\" alt=\"\" class=\"wp-image-545\"\/><\/figure>\n\n\n\n<figure class=\"wp-block-image size-large\"><img decoding=\"async\" data-id=\"544\" src=\"https:\/\/mellycox.de\/wp-content\/uploads\/MC_Standort-12-1024x683.webp\" alt=\"\" class=\"wp-image-544\"\/><\/figure>\n<\/figure>\n\n\n\n<div style=\"height:100px\" aria-hidden=\"true\" class=\"wp-block-spacer\"><\/div>\n<\/div>\n","protected":false},"excerpt":{"rendered":"<p>Wohncaf\u00e9 24-Stunden-Versorgungssicherheit Brakhofstra\u00dfe Bielefeld-Brake Wohnen an der Brakhofstra\u00dfe ist ruhig, angenehm und gut begleitet. Der Standort Brakhofstra\u00dfe steht f\u00fcr Wohnen mit Versorgungssicherheit.Wir arbeiten hier mit Becker Immobilien zusammen.So entsteht modernes Wohnen im Rahmen des Bielefelder Modells. Diese Wohnform ist f\u00fcr Menschen mit und ohne Hilfebedarf.Die Umgebung ist ruhig.Gleichzeitig gibt es Sicherheit durch professionelle Begleitung.Unser Pflegedienst [&hellip;]<\/p>\n","protected":false},"author":1,"featured_media":0,"parent":0,"menu_order":0,"comment_status":"closed","ping_status":"closed","template":"","meta":{"footnotes":""},"class_list":["post-162","page","type-page","status-publish","hentry"],"yoast_head":"<!-- This site is optimized with the Yoast SEO plugin v27.3 - https:\/\/yoast.com\/product\/yoast-seo-wordpress\/ -->\n<title>Brakhofstra\u00dfe - MellyCox - Leichte Sprache<\/title>\n<meta name=\"robots\" content=\"index, follow, max-snippet:-1, max-image-preview:large, max-video-preview:-1\" \/>\n<link rel=\"canonical\" href=\"https:\/\/mellycox.de\/leichte-sprache\/brakhofstrasse\/\" \/>\n<meta property=\"og:locale\" content=\"de_DE\" \/>\n<meta property=\"og:type\" content=\"article\" \/>\n<meta property=\"og:title\" content=\"Brakhofstra\u00dfe - MellyCox - Leichte Sprache\" \/>\n<meta property=\"og:description\" content=\"Wohncaf\u00e9 24-Stunden-Versorgungssicherheit Brakhofstra\u00dfe Bielefeld-Brake Wohnen an der Brakhofstra\u00dfe ist ruhig, angenehm und gut begleitet. Der Standort Brakhofstra\u00dfe steht f\u00fcr Wohnen mit Versorgungssicherheit.Wir arbeiten hier mit Becker Immobilien zusammen.So entsteht modernes Wohnen im Rahmen des Bielefelder Modells. Diese Wohnform ist f\u00fcr Menschen mit und ohne Hilfebedarf.Die Umgebung ist ruhig.Gleichzeitig gibt es Sicherheit durch professionelle Begleitung.Unser Pflegedienst [&hellip;]\" \/>\n<meta property=\"og:url\" content=\"https:\/\/mellycox.de\/leichte-sprache\/brakhofstrasse\/\" \/>\n<meta property=\"og:site_name\" content=\"MellyCox - Leichte Sprache\" \/>\n<meta property=\"article:modified_time\" content=\"2026-03-22T13:01:29+00:00\" \/>\n<meta name=\"twitter:card\" content=\"summary_large_image\" \/>\n<meta name=\"twitter:label1\" content=\"Gesch\u00e4tzte Lesezeit\" \/>\n\t<meta name=\"twitter:data1\" content=\"2\u00a0Minuten\" \/>\n<script type=\"application\/ld+json\" class=\"yoast-schema-graph\">{\"@context\":\"https:\\\/\\\/schema.org\",\"@graph\":[{\"@type\":\"WebPage\",\"@id\":\"https:\\\/\\\/mellycox.de\\\/leichte-sprache\\\/brakhofstrasse\\\/\",\"url\":\"https:\\\/\\\/mellycox.de\\\/leichte-sprache\\\/brakhofstrasse\\\/\",\"name\":\"Brakhofstra\u00dfe - MellyCox - Leichte Sprache\",\"isPartOf\":{\"@id\":\"https:\\\/\\\/mellycox.de\\\/leichte-sprache\\\/#website\"},\"primaryImageOfPage\":{\"@id\":\"https:\\\/\\\/mellycox.de\\\/leichte-sprache\\\/brakhofstrasse\\\/#primaryimage\"},\"image\":{\"@id\":\"https:\\\/\\\/mellycox.de\\\/leichte-sprache\\\/brakhofstrasse\\\/#primaryimage\"},\"thumbnailUrl\":\"https:\\\/\\\/mellycox.de\\\/wp-content\\\/uploads\\\/MC_Standort-13.webp\",\"datePublished\":\"2026-02-17T17:37:50+00:00\",\"dateModified\":\"2026-03-22T13:01:29+00:00\",\"breadcrumb\":{\"@id\":\"https:\\\/\\\/mellycox.de\\\/leichte-sprache\\\/brakhofstrasse\\\/#breadcrumb\"},\"inLanguage\":\"de\",\"potentialAction\":[{\"@type\":\"ReadAction\",\"target\":[\"https:\\\/\\\/mellycox.de\\\/leichte-sprache\\\/brakhofstrasse\\\/\"]}]},{\"@type\":\"ImageObject\",\"inLanguage\":\"de\",\"@id\":\"https:\\\/\\\/mellycox.de\\\/leichte-sprache\\\/brakhofstrasse\\\/#primaryimage\",\"url\":\"https:\\\/\\\/mellycox.de\\\/wp-content\\\/uploads\\\/MC_Standort-13.webp\",\"contentUrl\":\"https:\\\/\\\/mellycox.de\\\/wp-content\\\/uploads\\\/MC_Standort-13.webp\"},{\"@type\":\"BreadcrumbList\",\"@id\":\"https:\\\/\\\/mellycox.de\\\/leichte-sprache\\\/brakhofstrasse\\\/#breadcrumb\",\"itemListElement\":[{\"@type\":\"ListItem\",\"position\":1,\"name\":\"Start\",\"item\":\"https:\\\/\\\/mellycox.de\\\/leichte-sprache\\\/\"},{\"@type\":\"ListItem\",\"position\":2,\"name\":\"Brakhofstra\u00dfe\"}]},{\"@type\":\"WebSite\",\"@id\":\"https:\\\/\\\/mellycox.de\\\/leichte-sprache\\\/#website\",\"url\":\"https:\\\/\\\/mellycox.de\\\/leichte-sprache\\\/\",\"name\":\"MellyCox - Leichte Sprache\",\"description\":\"\",\"publisher\":{\"@id\":\"https:\\\/\\\/mellycox.de\\\/leichte-sprache\\\/#organization\"},\"potentialAction\":[{\"@type\":\"SearchAction\",\"target\":{\"@type\":\"EntryPoint\",\"urlTemplate\":\"https:\\\/\\\/mellycox.de\\\/leichte-sprache\\\/?s={search_term_string}\"},\"query-input\":{\"@type\":\"PropertyValueSpecification\",\"valueRequired\":true,\"valueName\":\"search_term_string\"}}],\"inLanguage\":\"de\"},{\"@type\":\"Organization\",\"@id\":\"https:\\\/\\\/mellycox.de\\\/leichte-sprache\\\/#organization\",\"name\":\"MellyCox - Leichte Sprache\",\"url\":\"https:\\\/\\\/mellycox.de\\\/leichte-sprache\\\/\",\"logo\":{\"@type\":\"ImageObject\",\"inLanguage\":\"de\",\"@id\":\"https:\\\/\\\/mellycox.de\\\/leichte-sprache\\\/#\\\/schema\\\/logo\\\/image\\\/\",\"url\":\"https:\\\/\\\/mellycox.de\\\/leichte-sprache\\\/wp-content\\\/uploads\\\/sites\\\/2\\\/2025\\\/09\\\/mellycox_Logo_2025_quer-scaled.png\",\"contentUrl\":\"https:\\\/\\\/mellycox.de\\\/leichte-sprache\\\/wp-content\\\/uploads\\\/sites\\\/2\\\/2025\\\/09\\\/mellycox_Logo_2025_quer-scaled.png\",\"width\":2560,\"height\":729,\"caption\":\"MellyCox - Leichte Sprache\"},\"image\":{\"@id\":\"https:\\\/\\\/mellycox.de\\\/leichte-sprache\\\/#\\\/schema\\\/logo\\\/image\\\/\"}}]}<\/script>\n<!-- \/ Yoast SEO plugin. -->","yoast_head_json":{"title":"Brakhofstra\u00dfe - MellyCox - Leichte Sprache","robots":{"index":"index","follow":"follow","max-snippet":"max-snippet:-1","max-image-preview":"max-image-preview:large","max-video-preview":"max-video-preview:-1"},"canonical":"https:\/\/mellycox.de\/leichte-sprache\/brakhofstrasse\/","og_locale":"de_DE","og_type":"article","og_title":"Brakhofstra\u00dfe - MellyCox - Leichte Sprache","og_description":"Wohncaf\u00e9 24-Stunden-Versorgungssicherheit Brakhofstra\u00dfe Bielefeld-Brake Wohnen an der Brakhofstra\u00dfe ist ruhig, angenehm und gut begleitet. Der Standort Brakhofstra\u00dfe steht f\u00fcr Wohnen mit Versorgungssicherheit.Wir arbeiten hier mit Becker Immobilien zusammen.So entsteht modernes Wohnen im Rahmen des Bielefelder Modells. Diese Wohnform ist f\u00fcr Menschen mit und ohne Hilfebedarf.Die Umgebung ist ruhig.Gleichzeitig gibt es Sicherheit durch professionelle Begleitung.Unser Pflegedienst [&hellip;]","og_url":"https:\/\/mellycox.de\/leichte-sprache\/brakhofstrasse\/","og_site_name":"MellyCox - Leichte Sprache","article_modified_time":"2026-03-22T13:01:29+00:00","twitter_card":"summary_large_image","twitter_misc":{"Gesch\u00e4tzte Lesezeit":"2\u00a0Minuten"},"schema":{"@context":"https:\/\/schema.org","@graph":[{"@type":"WebPage","@id":"https:\/\/mellycox.de\/leichte-sprache\/brakhofstrasse\/","url":"https:\/\/mellycox.de\/leichte-sprache\/brakhofstrasse\/","name":"Brakhofstra\u00dfe - MellyCox - Leichte Sprache","isPartOf":{"@id":"https:\/\/mellycox.de\/leichte-sprache\/#website"},"primaryImageOfPage":{"@id":"https:\/\/mellycox.de\/leichte-sprache\/brakhofstrasse\/#primaryimage"},"image":{"@id":"https:\/\/mellycox.de\/leichte-sprache\/brakhofstrasse\/#primaryimage"},"thumbnailUrl":"https:\/\/mellycox.de\/wp-content\/uploads\/MC_Standort-13.webp","datePublished":"2026-02-17T17:37:50+00:00","dateModified":"2026-03-22T13:01:29+00:00","breadcrumb":{"@id":"https:\/\/mellycox.de\/leichte-sprache\/brakhofstrasse\/#breadcrumb"},"inLanguage":"de","potentialAction":[{"@type":"ReadAction","target":["https:\/\/mellycox.de\/leichte-sprache\/brakhofstrasse\/"]}]},{"@type":"ImageObject","inLanguage":"de","@id":"https:\/\/mellycox.de\/leichte-sprache\/brakhofstrasse\/#primaryimage","url":"https:\/\/mellycox.de\/wp-content\/uploads\/MC_Standort-13.webp","contentUrl":"https:\/\/mellycox.de\/wp-content\/uploads\/MC_Standort-13.webp"},{"@type":"BreadcrumbList","@id":"https:\/\/mellycox.de\/leichte-sprache\/brakhofstrasse\/#breadcrumb","itemListElement":[{"@type":"ListItem","position":1,"name":"Start","item":"https:\/\/mellycox.de\/leichte-sprache\/"},{"@type":"ListItem","position":2,"name":"Brakhofstra\u00dfe"}]},{"@type":"WebSite","@id":"https:\/\/mellycox.de\/leichte-sprache\/#website","url":"https:\/\/mellycox.de\/leichte-sprache\/","name":"MellyCox - Leichte Sprache","description":"","publisher":{"@id":"https:\/\/mellycox.de\/leichte-sprache\/#organization"},"potentialAction":[{"@type":"SearchAction","target":{"@type":"EntryPoint","urlTemplate":"https:\/\/mellycox.de\/leichte-sprache\/?s={search_term_string}"},"query-input":{"@type":"PropertyValueSpecification","valueRequired":true,"valueName":"search_term_string"}}],"inLanguage":"de"},{"@type":"Organization","@id":"https:\/\/mellycox.de\/leichte-sprache\/#organization","name":"MellyCox - Leichte Sprache","url":"https:\/\/mellycox.de\/leichte-sprache\/","logo":{"@type":"ImageObject","inLanguage":"de","@id":"https:\/\/mellycox.de\/leichte-sprache\/#\/schema\/logo\/image\/","url":"https:\/\/mellycox.de\/leichte-sprache\/wp-content\/uploads\/sites\/2\/2025\/09\/mellycox_Logo_2025_quer-scaled.png","contentUrl":"https:\/\/mellycox.de\/leichte-sprache\/wp-content\/uploads\/sites\/2\/2025\/09\/mellycox_Logo_2025_quer-scaled.png","width":2560,"height":729,"caption":"MellyCox - Leichte Sprache"},"image":{"@id":"https:\/\/mellycox.de\/leichte-sprache\/#\/schema\/logo\/image\/"}}]}},"_links":{"self":[{"href":"https:\/\/mellycox.de\/leichte-sprache\/wp-json\/wp\/v2\/pages\/162","targetHints":{"allow":["GET"]}}],"collection":[{"href":"https:\/\/mellycox.de\/leichte-sprache\/wp-json\/wp\/v2\/pages"}],"about":[{"href":"https:\/\/mellycox.de\/leichte-sprache\/wp-json\/wp\/v2\/types\/page"}],"author":[{"embeddable":true,"href":"https:\/\/mellycox.de\/leichte-sprache\/wp-json\/wp\/v2\/users\/1"}],"replies":[{"embeddable":true,"href":"https:\/\/mellycox.de\/leichte-sprache\/wp-json\/wp\/v2\/comments?post=162"}],"version-history":[{"count":3,"href":"https:\/\/mellycox.de\/leichte-sprache\/wp-json\/wp\/v2\/pages\/162\/revisions"}],"predecessor-version":[{"id":231,"href":"https:\/\/mellycox.de\/leichte-sprache\/wp-json\/wp\/v2\/pages\/162\/revisions\/231"}],"wp:attachment":[{"href":"https:\/\/mellycox.de\/leichte-sprache\/wp-json\/wp\/v2\/media?parent=162"}],"curies":[{"name":"wp","href":"https:\/\/api.w.org\/{rel}","templated":true}]}}