{"id":13,"date":"2025-09-18T16:26:21","date_gmt":"2025-09-18T14:26:21","guid":{"rendered":"https:\/\/mellycox.de\/leichte-sprache\/?page_id=13"},"modified":"2026-02-17T18:20:44","modified_gmt":"2026-02-17T17:20:44","slug":"kontakt","status":"publish","type":"page","link":"https:\/\/mellycox.de\/leichte-sprache\/kontakt\/","title":{"rendered":"Kontakt"},"content":{"rendered":"\n<div class=\"wp-block-group is-layout-constrained wp-block-group-is-layout-constrained\">\n<div style=\"height:200px\" aria-hidden=\"true\" class=\"wp-block-spacer\"><\/div>\n\n\n\n<h1 class=\"wp-block-heading\">Wir sind f\u00fcr Sie da<\/h1>\n\n\n\n<p>Wir helfen Ihnen \u2013 pers\u00f6nlich, zuverl\u00e4ssig und mit Herz.<\/p>\n\n\n\n<p>Haben Sie Fragen zur Pflege oder Betreuung?<br>M\u00f6chten Sie einen Beratungstermin?<br>Dann melden Sie sich bei uns.<\/p>\n\n\n\n<p>Unser Team unterst\u00fctzt Sie und Ihre Angeh\u00f6rigen.<br>Wir beraten Sie individuell und kompetent.<\/p>\n\n\n\n<p>So f\u00fchlen Sie sich immer gut aufgehoben.<\/p>\n\n\n\n<div class=\"wp-block-columns is-layout-flex wp-container-core-columns-is-layout-9d6595d7 wp-block-columns-is-layout-flex\">\n<div class=\"wp-block-column is-layout-flow wp-block-column-is-layout-flow\" style=\"flex-basis:30%\">\n<p><strong>MellyCox GmbH &amp; Co KG<br><\/strong>Engersche Stra\u00dfe 333<br>33729 Bielefeld<\/p>\n\n\n\n<div class=\"wp-block-group is-nowrap is-layout-flex wp-container-core-group-is-layout-ad2f72ca wp-block-group-is-layout-flex\">\n<div class=\"wp-block-outermost-icon-block\"><div class=\"icon-container has-icon-color has-wpfse-grey-color\" style=\"color:#012753;width:30px;transform:rotate(0deg) scaleX(1) scaleY(1)\"><svg xmlns=\"http:\/\/www.w3.org\/2000\/svg\" viewBox=\"0 0 512 512\"><path d=\"M160.2 25C152.3 6.1 131.7-3.9 112.1 1.4l-5.5 1.5c-64.6 17.6-119.8 80.2-103.7 156.4 37.1 175 174.8 312.7 349.8 349.8 76.3 16.2 138.8-39.1 156.4-103.7l1.5-5.5c5.4-19.7-4.7-40.3-23.5-48.1l-97.3-40.5c-16.5-6.9-35.6-2.1-47 11.8l-38.6 47.2C233.9 335.4 177.3 277 144.8 205.3L189 169.3c13.9-11.3 18.6-30.4 11.8-47L160.2 25z\"><\/path><\/svg><\/div><\/div>\n\n\n\n<div style=\"height:100px;width:0px\" aria-hidden=\"true\" class=\"wp-block-spacer wp-container-content-16d1eb73\"><\/div>\n\n\n\n<p> 0521 98832730<\/p>\n<\/div>\n\n\n\n<div style=\"height:10px\" aria-hidden=\"true\" class=\"wp-block-spacer\"><\/div>\n\n\n\n<div class=\"wp-block-group is-nowrap is-layout-flex wp-container-core-group-is-layout-ad2f72ca wp-block-group-is-layout-flex\">\n<div class=\"wp-block-outermost-icon-block\"><div class=\"icon-container has-icon-color has-wpfse-grey-color\" style=\"color:#012753;width:30px;transform:rotate(0deg) scaleX(1) scaleY(1)\"><svg xmlns=\"http:\/\/www.w3.org\/2000\/svg\" viewBox=\"0 0 512 512\"><path d=\"M160 64l0 80 64 0 0-80 146.7 0 45.3 45.3 0 34.7 64 0 0-34.7c0-17-6.7-33.3-18.7-45.3L416 18.7C404 6.7 387.7 0 370.7 0L224 0c-35.3 0-64 28.7-64 64zM32 128c-17.7 0-32 14.3-32 32L0 448c0 17.7 14.3 32 32 32l48 0c17.7 0 32-14.3 32-32l0-288c0-17.7-14.3-32-32-32l-48 0zm448 64l-320 0 0 256c0 17.7 14.3 32 32 32l288 0c17.7 0 32-14.3 32-32l0-224c0-17.7-14.3-32-32-32zM224 288a24 24 0 1 1 48 0 24 24 0 1 1 -48 0zm0 96a24 24 0 1 1 48 0 24 24 0 1 1 -48 0zM336 264a24 24 0 1 1 0 48 24 24 0 1 1 0-48zM312 384a24 24 0 1 1 48 0 24 24 0 1 1 -48 0zM424 264a24 24 0 1 1 0 48 24 24 0 1 1 0-48zM400 384a24 24 0 1 1 48 0 24 24 0 1 1 -48 0z\"><\/path><\/svg><\/div><\/div>\n\n\n\n<div style=\"height:100px;width:0px\" aria-hidden=\"true\" class=\"wp-block-spacer wp-container-content-16d1eb73\"><\/div>\n\n\n\n<p> 0521 98893840<\/p>\n<\/div>\n\n\n\n<div style=\"height:10px\" aria-hidden=\"true\" class=\"wp-block-spacer\"><\/div>\n\n\n\n<p>E-Mail f\u00fcr Fragen: <a href=\"mailto:info@mellycox.de\">info@mellycox.de<\/a><\/p>\n\n\n\n<p>E-Mail f\u00fcr Personalfragen:<br><a href=\"mailto:info@mellycox.de\">personal@mellycox.de<\/a><\/p>\n\n\n\n<p>E-Mail f\u00fcr Rechnungen:<br><a href=\"mailto:info@mellycox.de\">rechnung@mellycox.de<\/a><\/p>\n<\/div>\n\n\n\n<div class=\"wp-block-column is-layout-flow wp-block-column-is-layout-flow\" style=\"flex-basis:70%\">\n<div class=\"wp-block-contact-form-7-contact-form-selector\">\n<div class=\"wpcf7 no-js\" id=\"wpcf7-f139-o1\" lang=\"de-DE\" dir=\"ltr\" data-wpcf7-id=\"139\">\n<div class=\"screen-reader-response\"><p role=\"status\" aria-live=\"polite\" aria-atomic=\"true\"><\/p> <ul><\/ul><\/div>\n<form action=\"\/leichte-sprache\/wp-json\/wp\/v2\/pages\/13#wpcf7-f139-o1\" method=\"post\" class=\"wpcf7-form init\" aria-label=\"Kontaktformular\" novalidate=\"novalidate\" data-status=\"init\">\n<fieldset class=\"hidden-fields-container\"><input type=\"hidden\" name=\"_wpcf7\" value=\"139\" \/><input type=\"hidden\" name=\"_wpcf7_version\" value=\"6.1.5\" \/><input type=\"hidden\" name=\"_wpcf7_locale\" value=\"de_DE\" \/><input type=\"hidden\" name=\"_wpcf7_unit_tag\" value=\"wpcf7-f139-o1\" \/><input type=\"hidden\" name=\"_wpcf7_container_post\" value=\"0\" \/><input type=\"hidden\" name=\"_wpcf7_posted_data_hash\" value=\"\" \/>\n<\/fieldset>\n<div class=\"kontakt-cf7\">\n\t<div class=\"cf7-row\">\n\t\t<div class=\"cf7-col\">\n\t\t\t<p><label>Vorname*<br \/>\n<span class=\"wpcf7-form-control-wrap\" data-name=\"vorname\"><input size=\"40\" maxlength=\"400\" class=\"wpcf7-form-control wpcf7-text wpcf7-validates-as-required\" aria-required=\"true\" aria-invalid=\"false\" value=\"\" type=\"text\" name=\"vorname\" \/><\/span><\/label>\n\t\t\t<\/p>\n\t\t<\/div>\n\t\t<div class=\"cf7-col\">\n\t\t\t<p><label>Nachname*<br \/>\n<span class=\"wpcf7-form-control-wrap\" data-name=\"nachname\"><input size=\"40\" maxlength=\"400\" class=\"wpcf7-form-control wpcf7-text wpcf7-validates-as-required\" aria-required=\"true\" aria-invalid=\"false\" value=\"\" type=\"text\" name=\"nachname\" \/><\/span><\/label><label><span id=\"wpcf7-69f5e0bb0a1c8-wrapper\" class=\"wpcf7-form-control-wrap honeypot-776-wrap\" style=\"display:none !important; visibility:hidden !important;\"><label for=\"wpcf7-69f5e0bb0a1c8-field\" class=\"hp-message\">Bitte lasse dieses Feld leer.<\/label><input id=\"wpcf7-69f5e0bb0a1c8-field\"  class=\"wpcf7-form-control wpcf7-text\" type=\"text\" name=\"honeypot-776\" value=\"\" size=\"40\" tabindex=\"-1\" autocomplete=\"new-password\" \/><\/span><\/label>\n\t\t\t<\/p>\n\t\t<\/div>\n\t<\/div>\n\t<div class=\"cf7-row\">\n\t\t<div class=\"cf7-col\">\n\t\t\t<p><label>E-Mail-Adresse*<br \/>\n<span class=\"wpcf7-form-control-wrap\" data-name=\"email\"><input size=\"40\" maxlength=\"400\" class=\"wpcf7-form-control wpcf7-email wpcf7-validates-as-required wpcf7-text wpcf7-validates-as-email\" aria-required=\"true\" aria-invalid=\"false\" value=\"\" type=\"email\" name=\"email\" \/><\/span><\/label>\n\t\t\t<\/p>\n\t\t<\/div>\n\t\t<div class=\"cf7-col\">\n\t\t\t<p><label>Telefonnummer<br \/>\n<span class=\"wpcf7-form-control-wrap\" data-name=\"telefon\"><input size=\"40\" maxlength=\"400\" class=\"wpcf7-form-control wpcf7-tel wpcf7-text wpcf7-validates-as-tel\" aria-invalid=\"false\" value=\"\" type=\"tel\" name=\"telefon\" \/><\/span><\/label><label><span id=\"wpcf7-69f5e0bb0a29a-wrapper\" class=\"wpcf7-form-control-wrap honeypot-600-wrap\" style=\"display:none !important; visibility:hidden !important;\"><label for=\"wpcf7-69f5e0bb0a29a-field\" class=\"hp-message\">Bitte lasse dieses Feld leer.<\/label><input id=\"wpcf7-69f5e0bb0a29a-field\"  class=\"wpcf7-form-control wpcf7-text\" type=\"text\" name=\"honeypot-600\" value=\"\" size=\"40\" tabindex=\"-1\" autocomplete=\"new-password\" \/><\/span><\/label>\n\t\t\t<\/p>\n\t\t<\/div>\n\t<\/div>\n\t<p><label>Betreff*<br \/>\n<span class=\"wpcf7-form-control-wrap\" data-name=\"betreff\"><input size=\"40\" maxlength=\"400\" class=\"wpcf7-form-control wpcf7-text wpcf7-validates-as-required\" aria-required=\"true\" aria-invalid=\"false\" value=\"\" type=\"text\" name=\"betreff\" \/><\/span><\/label>\n\t<\/p>\n\t<p><label>Ihre Nachricht*<br \/>\n<span class=\"wpcf7-form-control-wrap\" data-name=\"nachricht\"><textarea cols=\"40\" rows=\"4\" maxlength=\"2000\" class=\"wpcf7-form-control wpcf7-textarea wpcf7-validates-as-required\" aria-required=\"true\" aria-invalid=\"false\" name=\"nachricht\"><\/textarea><\/span><\/label>\n\t<\/p>\n\t<p><span class=\"wpcf7-form-control-wrap\" data-name=\"acceptance-649\"><span class=\"wpcf7-form-control wpcf7-acceptance optional\"><span class=\"wpcf7-list-item\"><label><input type=\"checkbox\" name=\"acceptance-649\" value=\"1\" aria-invalid=\"false\" \/><span class=\"wpcf7-list-item-label\">Ich habe die <a href=\"https:\/\/mellycox.de\/leichte-sprache\/datenschutzerklaerung\/\">Datenschutzerkl\u00e4rung<\/a> gelesen und bin damit einverstanden.<\/span><\/label><\/span><\/span><\/span>\n\t<\/p>\n\t<div class=\"button\">\n\t\t<p><input class=\"wpcf7-form-control wpcf7-submit has-spinner\" type=\"submit\" value=\"Nachricht absenden\" \/>\n\t\t<\/p>\n\t<\/div>\n<\/div><div class=\"wpcf7-response-output\" aria-hidden=\"true\"><\/div>\n<\/form>\n<\/div>\n<\/div>\n<\/div>\n<\/div>\n\n\n\n<div style=\"height:100px\" aria-hidden=\"true\" class=\"wp-block-spacer\"><\/div>\n<\/div>\n","protected":false},"excerpt":{"rendered":"<p>Wir sind f\u00fcr Sie da Wir helfen Ihnen \u2013 pers\u00f6nlich, zuverl\u00e4ssig und mit Herz. Haben Sie Fragen zur Pflege oder Betreuung?M\u00f6chten Sie einen Beratungstermin?Dann melden Sie sich bei uns. Unser Team unterst\u00fctzt Sie und Ihre Angeh\u00f6rigen.Wir beraten Sie individuell und kompetent. So f\u00fchlen Sie sich immer gut aufgehoben. MellyCox GmbH &amp; Co KGEngersche Stra\u00dfe 33333729 [&hellip;]<\/p>\n","protected":false},"author":1,"featured_media":0,"parent":0,"menu_order":0,"comment_status":"closed","ping_status":"closed","template":"","meta":{"footnotes":""},"class_list":["post-13","page","type-page","status-publish","hentry"],"yoast_head":"<!-- This site is optimized with the Yoast SEO plugin v27.3 - https:\/\/yoast.com\/product\/yoast-seo-wordpress\/ -->\n<title>Kontakt - MellyCox - Leichte Sprache<\/title>\n<meta name=\"robots\" content=\"index, follow, max-snippet:-1, max-image-preview:large, max-video-preview:-1\" \/>\n<link rel=\"canonical\" href=\"https:\/\/mellycox.de\/leichte-sprache\/kontakt\/\" \/>\n<meta property=\"og:locale\" content=\"de_DE\" \/>\n<meta property=\"og:type\" content=\"article\" \/>\n<meta property=\"og:title\" content=\"Kontakt - MellyCox - Leichte Sprache\" \/>\n<meta property=\"og:description\" content=\"Wir sind f\u00fcr Sie da Wir helfen Ihnen \u2013 pers\u00f6nlich, zuverl\u00e4ssig und mit Herz. Haben Sie Fragen zur Pflege oder Betreuung?M\u00f6chten Sie einen Beratungstermin?Dann melden Sie sich bei uns. Unser Team unterst\u00fctzt Sie und Ihre Angeh\u00f6rigen.Wir beraten Sie individuell und kompetent. So f\u00fchlen Sie sich immer gut aufgehoben. MellyCox GmbH &amp; Co KGEngersche Stra\u00dfe 33333729 [&hellip;]\" \/>\n<meta property=\"og:url\" content=\"https:\/\/mellycox.de\/leichte-sprache\/kontakt\/\" \/>\n<meta property=\"og:site_name\" content=\"MellyCox - Leichte Sprache\" \/>\n<meta property=\"article:modified_time\" content=\"2026-02-17T17:20:44+00:00\" \/>\n<meta name=\"twitter:card\" content=\"summary_large_image\" \/>\n<script type=\"application\/ld+json\" class=\"yoast-schema-graph\">{\"@context\":\"https:\\\/\\\/schema.org\",\"@graph\":[{\"@type\":\"WebPage\",\"@id\":\"https:\\\/\\\/mellycox.de\\\/leichte-sprache\\\/kontakt\\\/\",\"url\":\"https:\\\/\\\/mellycox.de\\\/leichte-sprache\\\/kontakt\\\/\",\"name\":\"Kontakt - MellyCox - Leichte Sprache\",\"isPartOf\":{\"@id\":\"https:\\\/\\\/mellycox.de\\\/leichte-sprache\\\/#website\"},\"datePublished\":\"2025-09-18T14:26:21+00:00\",\"dateModified\":\"2026-02-17T17:20:44+00:00\",\"breadcrumb\":{\"@id\":\"https:\\\/\\\/mellycox.de\\\/leichte-sprache\\\/kontakt\\\/#breadcrumb\"},\"inLanguage\":\"de\",\"potentialAction\":[{\"@type\":\"ReadAction\",\"target\":[\"https:\\\/\\\/mellycox.de\\\/leichte-sprache\\\/kontakt\\\/\"]}]},{\"@type\":\"BreadcrumbList\",\"@id\":\"https:\\\/\\\/mellycox.de\\\/leichte-sprache\\\/kontakt\\\/#breadcrumb\",\"itemListElement\":[{\"@type\":\"ListItem\",\"position\":1,\"name\":\"Start\",\"item\":\"https:\\\/\\\/mellycox.de\\\/leichte-sprache\\\/\"},{\"@type\":\"ListItem\",\"position\":2,\"name\":\"Kontakt\"}]},{\"@type\":\"WebSite\",\"@id\":\"https:\\\/\\\/mellycox.de\\\/leichte-sprache\\\/#website\",\"url\":\"https:\\\/\\\/mellycox.de\\\/leichte-sprache\\\/\",\"name\":\"MellyCox - Leichte Sprache\",\"description\":\"\",\"publisher\":{\"@id\":\"https:\\\/\\\/mellycox.de\\\/leichte-sprache\\\/#organization\"},\"potentialAction\":[{\"@type\":\"SearchAction\",\"target\":{\"@type\":\"EntryPoint\",\"urlTemplate\":\"https:\\\/\\\/mellycox.de\\\/leichte-sprache\\\/?s={search_term_string}\"},\"query-input\":{\"@type\":\"PropertyValueSpecification\",\"valueRequired\":true,\"valueName\":\"search_term_string\"}}],\"inLanguage\":\"de\"},{\"@type\":\"Organization\",\"@id\":\"https:\\\/\\\/mellycox.de\\\/leichte-sprache\\\/#organization\",\"name\":\"MellyCox - Leichte Sprache\",\"url\":\"https:\\\/\\\/mellycox.de\\\/leichte-sprache\\\/\",\"logo\":{\"@type\":\"ImageObject\",\"inLanguage\":\"de\",\"@id\":\"https:\\\/\\\/mellycox.de\\\/leichte-sprache\\\/#\\\/schema\\\/logo\\\/image\\\/\",\"url\":\"https:\\\/\\\/mellycox.de\\\/leichte-sprache\\\/wp-content\\\/uploads\\\/sites\\\/2\\\/2025\\\/09\\\/mellycox_Logo_2025_quer-scaled.png\",\"contentUrl\":\"https:\\\/\\\/mellycox.de\\\/leichte-sprache\\\/wp-content\\\/uploads\\\/sites\\\/2\\\/2025\\\/09\\\/mellycox_Logo_2025_quer-scaled.png\",\"width\":2560,\"height\":729,\"caption\":\"MellyCox - Leichte Sprache\"},\"image\":{\"@id\":\"https:\\\/\\\/mellycox.de\\\/leichte-sprache\\\/#\\\/schema\\\/logo\\\/image\\\/\"}}]}<\/script>\n<!-- \/ Yoast SEO plugin. -->","yoast_head_json":{"title":"Kontakt - MellyCox - Leichte Sprache","robots":{"index":"index","follow":"follow","max-snippet":"max-snippet:-1","max-image-preview":"max-image-preview:large","max-video-preview":"max-video-preview:-1"},"canonical":"https:\/\/mellycox.de\/leichte-sprache\/kontakt\/","og_locale":"de_DE","og_type":"article","og_title":"Kontakt - MellyCox - Leichte Sprache","og_description":"Wir sind f\u00fcr Sie da Wir helfen Ihnen \u2013 pers\u00f6nlich, zuverl\u00e4ssig und mit Herz. Haben Sie Fragen zur Pflege oder Betreuung?M\u00f6chten Sie einen Beratungstermin?Dann melden Sie sich bei uns. Unser Team unterst\u00fctzt Sie und Ihre Angeh\u00f6rigen.Wir beraten Sie individuell und kompetent. So f\u00fchlen Sie sich immer gut aufgehoben. MellyCox GmbH &amp; Co KGEngersche Stra\u00dfe 33333729 [&hellip;]","og_url":"https:\/\/mellycox.de\/leichte-sprache\/kontakt\/","og_site_name":"MellyCox - Leichte Sprache","article_modified_time":"2026-02-17T17:20:44+00:00","twitter_card":"summary_large_image","schema":{"@context":"https:\/\/schema.org","@graph":[{"@type":"WebPage","@id":"https:\/\/mellycox.de\/leichte-sprache\/kontakt\/","url":"https:\/\/mellycox.de\/leichte-sprache\/kontakt\/","name":"Kontakt - MellyCox - Leichte Sprache","isPartOf":{"@id":"https:\/\/mellycox.de\/leichte-sprache\/#website"},"datePublished":"2025-09-18T14:26:21+00:00","dateModified":"2026-02-17T17:20:44+00:00","breadcrumb":{"@id":"https:\/\/mellycox.de\/leichte-sprache\/kontakt\/#breadcrumb"},"inLanguage":"de","potentialAction":[{"@type":"ReadAction","target":["https:\/\/mellycox.de\/leichte-sprache\/kontakt\/"]}]},{"@type":"BreadcrumbList","@id":"https:\/\/mellycox.de\/leichte-sprache\/kontakt\/#breadcrumb","itemListElement":[{"@type":"ListItem","position":1,"name":"Start","item":"https:\/\/mellycox.de\/leichte-sprache\/"},{"@type":"ListItem","position":2,"name":"Kontakt"}]},{"@type":"WebSite","@id":"https:\/\/mellycox.de\/leichte-sprache\/#website","url":"https:\/\/mellycox.de\/leichte-sprache\/","name":"MellyCox - Leichte Sprache","description":"","publisher":{"@id":"https:\/\/mellycox.de\/leichte-sprache\/#organization"},"potentialAction":[{"@type":"SearchAction","target":{"@type":"EntryPoint","urlTemplate":"https:\/\/mellycox.de\/leichte-sprache\/?s={search_term_string}"},"query-input":{"@type":"PropertyValueSpecification","valueRequired":true,"valueName":"search_term_string"}}],"inLanguage":"de"},{"@type":"Organization","@id":"https:\/\/mellycox.de\/leichte-sprache\/#organization","name":"MellyCox - Leichte Sprache","url":"https:\/\/mellycox.de\/leichte-sprache\/","logo":{"@type":"ImageObject","inLanguage":"de","@id":"https:\/\/mellycox.de\/leichte-sprache\/#\/schema\/logo\/image\/","url":"https:\/\/mellycox.de\/leichte-sprache\/wp-content\/uploads\/sites\/2\/2025\/09\/mellycox_Logo_2025_quer-scaled.png","contentUrl":"https:\/\/mellycox.de\/leichte-sprache\/wp-content\/uploads\/sites\/2\/2025\/09\/mellycox_Logo_2025_quer-scaled.png","width":2560,"height":729,"caption":"MellyCox - Leichte Sprache"},"image":{"@id":"https:\/\/mellycox.de\/leichte-sprache\/#\/schema\/logo\/image\/"}}]}},"_links":{"self":[{"href":"https:\/\/mellycox.de\/leichte-sprache\/wp-json\/wp\/v2\/pages\/13","targetHints":{"allow":["GET"]}}],"collection":[{"href":"https:\/\/mellycox.de\/leichte-sprache\/wp-json\/wp\/v2\/pages"}],"about":[{"href":"https:\/\/mellycox.de\/leichte-sprache\/wp-json\/wp\/v2\/types\/page"}],"author":[{"embeddable":true,"href":"https:\/\/mellycox.de\/leichte-sprache\/wp-json\/wp\/v2\/users\/1"}],"replies":[{"embeddable":true,"href":"https:\/\/mellycox.de\/leichte-sprache\/wp-json\/wp\/v2\/comments?post=13"}],"version-history":[{"count":3,"href":"https:\/\/mellycox.de\/leichte-sprache\/wp-json\/wp\/v2\/pages\/13\/revisions"}],"predecessor-version":[{"id":140,"href":"https:\/\/mellycox.de\/leichte-sprache\/wp-json\/wp\/v2\/pages\/13\/revisions\/140"}],"wp:attachment":[{"href":"https:\/\/mellycox.de\/leichte-sprache\/wp-json\/wp\/v2\/media?parent=13"}],"curies":[{"name":"wp","href":"https:\/\/api.w.org\/{rel}","templated":true}]}}